{"id":38,"date":"2025-06-03T17:36:23","date_gmt":"2025-06-03T15:36:23","guid":{"rendered":"https:\/\/wptest0203.benjamin-viguier.fr\/?page_id=38"},"modified":"2025-06-07T18:04:15","modified_gmt":"2025-06-07T16:04:15","slug":"spectacles","status":"publish","type":"page","link":"https:\/\/ciecolettemerveille.com\/?page_id=38","title":{"rendered":"Nos propositions artistiques"},"content":{"rendered":"\n<blockquote class=\"wp-block-quote is-layout-flow wp-block-quote-is-layout-flow\">\n<p><em>Colette Merveille pose un regard d\u00e9cal\u00e9 \u00e0 travers spectacles, interventions th\u00e9\u00e2trales et propositions artistiques tout terrain.<\/em><\/p>\n<\/blockquote>\n\n\n\n<div class=\"wp-block-columns is-layout-flex wp-container-core-columns-is-layout-65e523f9 wp-block-columns-is-layout-flex\">\n<div class=\"wp-block-column is-layout-flow wp-block-column-is-layout-flow\">\n<figure class=\"wp-block-image size-large\"><a href=\"https:\/\/ciecolettemerveille.com\/?page_id=94\"><img fetchpriority=\"high\" decoding=\"async\" width=\"1024\" height=\"1024\" src=\"https:\/\/ciecolettemerveille.com\/wp-content\/uploads\/2025\/06\/ColetteMerveille-SansTambourNiTrompette-MaelaPiriou-1-1024x1024.jpg\" alt=\"\" class=\"wp-image-81\" srcset=\"https:\/\/ciecolettemerveille.com\/wp-content\/uploads\/2025\/06\/ColetteMerveille-SansTambourNiTrompette-MaelaPiriou-1-1024x1024.jpg 1024w, https:\/\/ciecolettemerveille.com\/wp-content\/uploads\/2025\/06\/ColetteMerveille-SansTambourNiTrompette-MaelaPiriou-1-300x300.jpg 300w, https:\/\/ciecolettemerveille.com\/wp-content\/uploads\/2025\/06\/ColetteMerveille-SansTambourNiTrompette-MaelaPiriou-1-150x150.jpg 150w, https:\/\/ciecolettemerveille.com\/wp-content\/uploads\/2025\/06\/ColetteMerveille-SansTambourNiTrompette-MaelaPiriou-1-768x768.jpg 768w, https:\/\/ciecolettemerveille.com\/wp-content\/uploads\/2025\/06\/ColetteMerveille-SansTambourNiTrompette-MaelaPiriou-1.jpg 1200w\" sizes=\"(max-width: 1024px) 100vw, 1024px\" \/><\/a><\/figure>\n\n\n\n<h3 class=\"wp-block-heading\"><mark style=\"background-color:rgba(0, 0, 0, 0);color:#5ce1e6\" class=\"has-inline-color\">SANS TAMBOUR NI TROMPETTE<\/mark><\/h3>\n\n\n\n<p><strong><em>Un spectacle sur la cr\u00e9ation d&rsquo;un spectacle<\/em><\/strong><\/p>\n\n\n\n<p class=\"has-normal-font-size\">Duo tout public de 60 minutes<\/p>\n\n\n\n<p class=\"has-normal-font-size\">En ext\u00e9rieur ou en salle<\/p>\n\n\n\n<p class=\"has-normal-font-size\">Fra\u00eecheur, fantaisie et auto-d\u00e9rision<\/p>\n\n\n\n<div class=\"wp-block-buttons is-layout-flex wp-block-buttons-is-layout-flex\">\n<div class=\"wp-block-button is-style-fill\"><a class=\"wp-block-button__link has-white-color has-text-color has-background has-link-color has-border-color has-black-border-color has-normal-font-size has-custom-font-size wp-element-button\" href=\"https:\/\/ciecolettemerveille.com\/?page_id=94\" style=\"background-color:#cb6ce6\">+ d&rsquo;infos<\/a><\/div>\n<\/div>\n<\/div>\n\n\n\n<div class=\"wp-block-column is-layout-flow wp-block-column-is-layout-flow\">\n<figure class=\"wp-block-image size-large\"><a href=\"https:\/\/ciecolettemerveille.com\/?page_id=93\"><img decoding=\"async\" width=\"1024\" height=\"1024\" src=\"https:\/\/ciecolettemerveille.com\/wp-content\/uploads\/2025\/06\/2b430118-dd8a-4e95-a126-ce8d54af579c-e1749049398692-1024x1024.jpg\" alt=\"\" class=\"wp-image-16\" srcset=\"https:\/\/ciecolettemerveille.com\/wp-content\/uploads\/2025\/06\/2b430118-dd8a-4e95-a126-ce8d54af579c-e1749049398692-1024x1024.jpg 1024w, https:\/\/ciecolettemerveille.com\/wp-content\/uploads\/2025\/06\/2b430118-dd8a-4e95-a126-ce8d54af579c-e1749049398692-300x300.jpg 300w, https:\/\/ciecolettemerveille.com\/wp-content\/uploads\/2025\/06\/2b430118-dd8a-4e95-a126-ce8d54af579c-e1749049398692-150x150.jpg 150w, https:\/\/ciecolettemerveille.com\/wp-content\/uploads\/2025\/06\/2b430118-dd8a-4e95-a126-ce8d54af579c-e1749049398692-768x768.jpg 768w, https:\/\/ciecolettemerveille.com\/wp-content\/uploads\/2025\/06\/2b430118-dd8a-4e95-a126-ce8d54af579c-e1749049398692.jpg 1053w\" sizes=\"(max-width: 1024px) 100vw, 1024px\" \/><\/a><\/figure>\n\n\n\n<h3 class=\"wp-block-heading\"><mark style=\"background-color:rgba(0, 0, 0, 0);color:#5ce1e6\" class=\"has-inline-color\">FAIM DE VIE<\/mark><\/h3>\n\n\n\n<p><strong><em>Impromptu de 30 minutes sur la fin de vie<\/em><\/strong><\/p>\n\n\n\n<p class=\"has-normal-font-size\">Lever les tabous<\/p>\n\n\n\n<p class=\"has-normal-font-size\">Possibilit\u00e9 de poursuivre avec un d\u00e9bat<\/p>\n\n\n\n<p>Fra\u00eecheur, fantaisie et sujet de fond<\/p>\n\n\n\n<div class=\"wp-block-buttons is-layout-flex wp-block-buttons-is-layout-flex\">\n<div class=\"wp-block-button is-style-fill\"><a class=\"wp-block-button__link has-white-color has-text-color has-background has-link-color has-border-color has-black-border-color wp-element-button\" href=\"https:\/\/ciecolettemerveille.com\/?page_id=93\" style=\"background-color:#cb6ce6\">+ d&rsquo;infos<\/a><\/div>\n<\/div>\n<\/div>\n\n\n\n<div class=\"wp-block-column is-layout-flow wp-block-column-is-layout-flow\">\n<figure class=\"wp-block-image size-large\"><a href=\"https:\/\/ciecolettemerveille.com\/?page_id=95\"><img decoding=\"async\" width=\"1024\" height=\"1024\" src=\"https:\/\/ciecolettemerveille.com\/wp-content\/uploads\/2025\/06\/IMG_0518-1024x1024.jpg\" alt=\"\" class=\"wp-image-19\"\/><\/a><\/figure>\n\n\n\n<h3 class=\"wp-block-heading\"><mark style=\"background-color:rgba(0, 0, 0, 0);color:#5ce1e6\" class=\"has-inline-color\">INTERVENTIONS SUR MESURE<\/mark><\/h3>\n\n\n\n<p><strong><em>Le th\u00e9\u00e2tre comme outil d&rsquo;accompagnement de vos \u00e9v\u00e9nements<\/em><\/strong><\/p>\n\n\n\n<p class=\"has-normal-font-size\">Con\u00e7u avec vous<\/p>\n\n\n\n<p class=\"has-normal-font-size\">Pour animer ou former<\/p>\n\n\n\n<p class=\"has-normal-font-size\">Fra\u00eecheur, fantaisie et d\u00e9calage<\/p>\n\n\n\n<div class=\"wp-block-buttons is-layout-flex wp-block-buttons-is-layout-flex\">\n<div class=\"wp-block-button is-style-fill\"><a class=\"wp-block-button__link has-white-color has-text-color has-background has-link-color has-border-color has-black-border-color wp-element-button\" href=\"https:\/\/ciecolettemerveille.com\/?page_id=95\" style=\"background-color:#cb6ce6\">+ d&rsquo;infos<\/a><\/div>\n<\/div>\n<\/div>\n<\/div>\n\n\n\n<p><\/p>\n","protected":false},"excerpt":{"rendered":"<div class=\"tmnf_excerpt\"><p>Colette Merveille pose un regard d\u00e9cal\u00e9 \u00e0 travers spectacles, interventions th\u00e9\u00e2trales et propositions artistiques tout terrain. SANS TAMBOUR NI TROMPETTE Un spectacle sur la cr\u00e9ation d&rsquo;un spectacle Duo tout public de 60 minutes En ext\u00e9rieur ou en salle Fra\u00eecheur, fantaisie et auto-d\u00e9rision FAIM DE VIE Impromptu de 30 minutes sur la fin de vie Lever &hellip;<\/p>\n<\/div>","protected":false},"author":2,"featured_media":165,"parent":0,"menu_order":0,"comment_status":"closed","ping_status":"closed","template":"","meta":{"_monsterinsights_skip_tracking":false,"_monsterinsights_sitenote_active":false,"_monsterinsights_sitenote_note":"","_monsterinsights_sitenote_category":0,"footnotes":""},"class_list":["post-38","page","type-page","status-publish","has-post-thumbnail","hentry"],"_links":{"self":[{"href":"https:\/\/ciecolettemerveille.com\/index.php?rest_route=\/wp\/v2\/pages\/38","targetHints":{"allow":["GET"]}}],"collection":[{"href":"https:\/\/ciecolettemerveille.com\/index.php?rest_route=\/wp\/v2\/pages"}],"about":[{"href":"https:\/\/ciecolettemerveille.com\/index.php?rest_route=\/wp\/v2\/types\/page"}],"author":[{"embeddable":true,"href":"https:\/\/ciecolettemerveille.com\/index.php?rest_route=\/wp\/v2\/users\/2"}],"replies":[{"embeddable":true,"href":"https:\/\/ciecolettemerveille.com\/index.php?rest_route=%2Fwp%2Fv2%2Fcomments&post=38"}],"version-history":[{"count":13,"href":"https:\/\/ciecolettemerveille.com\/index.php?rest_route=\/wp\/v2\/pages\/38\/revisions"}],"predecessor-version":[{"id":180,"href":"https:\/\/ciecolettemerveille.com\/index.php?rest_route=\/wp\/v2\/pages\/38\/revisions\/180"}],"wp:featuredmedia":[{"embeddable":true,"href":"https:\/\/ciecolettemerveille.com\/index.php?rest_route=\/wp\/v2\/media\/165"}],"wp:attachment":[{"href":"https:\/\/ciecolettemerveille.com\/index.php?rest_route=%2Fwp%2Fv2%2Fmedia&parent=38"}],"curies":[{"name":"wp","href":"https:\/\/api.w.org\/{rel}","templated":true}]}}