{"id":40,"date":"2025-06-03T17:36:23","date_gmt":"2025-06-03T15:36:23","guid":{"rendered":"https:\/\/wptest0203.benjamin-viguier.fr\/?page_id=40"},"modified":"2025-10-14T11:46:03","modified_gmt":"2025-10-14T09:46:03","slug":"la-compagnie","status":"publish","type":"page","link":"https:\/\/ciecolettemerveille.com\/?page_id=40","title":{"rendered":"La ligne artistique"},"content":{"rendered":"\n<figure class=\"wp-block-image alignright size-large is-resized\"><img fetchpriority=\"high\" decoding=\"async\" width=\"683\" height=\"1024\" src=\"https:\/\/ciecolettemerveille.com\/wp-content\/uploads\/2025\/10\/IMG_1997-683x1024.jpg\" alt=\"\" class=\"wp-image-232\" style=\"width:411px;height:auto\" srcset=\"https:\/\/ciecolettemerveille.com\/wp-content\/uploads\/2025\/10\/IMG_1997-683x1024.jpg 683w, https:\/\/ciecolettemerveille.com\/wp-content\/uploads\/2025\/10\/IMG_1997-200x300.jpg 200w, https:\/\/ciecolettemerveille.com\/wp-content\/uploads\/2025\/10\/IMG_1997-768x1152.jpg 768w, https:\/\/ciecolettemerveille.com\/wp-content\/uploads\/2025\/10\/IMG_1997-1024x1536.jpg 1024w, https:\/\/ciecolettemerveille.com\/wp-content\/uploads\/2025\/10\/IMG_1997-1365x2048.jpg 1365w, https:\/\/ciecolettemerveille.com\/wp-content\/uploads\/2025\/10\/IMG_1997-413x620.jpg 413w, https:\/\/ciecolettemerveille.com\/wp-content\/uploads\/2025\/10\/IMG_1997-scaled.jpg 1707w\" sizes=\"(max-width: 683px) 100vw, 683px\" \/><\/figure>\n\n\n\n<h5 class=\"wp-block-heading\"><em>Toute ressemblance avec une intelligence artificielle concernant nos id\u00e9es ne serait que le fruit d&rsquo;un hasard affreux.<\/em><\/h5>\n\n\n\n<blockquote class=\"wp-block-quote has-text-align-left is-layout-flow wp-block-quote-is-layout-flow\">\n<h3 class=\"wp-block-heading\"><em><strong><mark style=\"background-color:rgba(0, 0, 0, 0);color:#cb6ce6\" class=\"has-inline-color\">Nos interventions racontent <br>que la fantaisie a le droit de cit\u00e9,<br>que ce qui surprend et fait sourire milite pour une vie plus l\u00e9g\u00e8re et rafra\u00eechissante,<br>que l&rsquo;humour est une porte d&rsquo;entr\u00e9e directe aux sujets intimes,<br>sans faire de raccourcis.<br>Comme si, du quotidien, s&rsquo;en amuser amenait \u00e0 changer l&rsquo;atmosph\u00e8re,<br>\u00e0 \u00e9l\u00e9ver le taux vibratoire du moment, du lieu, du sujet.<\/mark><\/strong><\/em><\/h3>\n\n\n\n<p><mark style=\"background-color:rgba(0, 0, 0, 0);color:#5ce1e6\" class=\"has-inline-color\"><strong><em>LIBERONS LA FANTAISIE !<\/em><\/strong><\/mark><\/p>\n<\/blockquote>\n\n\n\n<h6 class=\"wp-block-heading\">L&rsquo;\u00e9quipe de Colette Merveille se retrouve, selon les projets, autour de Nicolas Soullard. <br>Avec la collaboration artistique de Chantal Ermenault et Anne Reinier. <br>Et la joyeuse participation de J\u00e9r\u00f4me Benest, Rapha\u00ebl Droin, Aur\u00e9lie Lopez, Benjamin Viguier&#8230;<\/h6>\n\n\n\n<p><\/p>\n","protected":false},"excerpt":{"rendered":"<div class=\"tmnf_excerpt\"><p>Toute ressemblance avec une intelligence artificielle concernant nos id\u00e9es ne serait que le fruit d&rsquo;un hasard affreux. Nos interventions racontent que la fantaisie a le droit de cit\u00e9,que ce qui surprend et fait sourire milite pour une vie plus l\u00e9g\u00e8re et rafra\u00eechissante,que l&rsquo;humour est une porte d&rsquo;entr\u00e9e directe aux sujets intimes,sans faire de raccourcis.Comme si, &hellip;<\/p>\n<\/div>","protected":false},"author":2,"featured_media":171,"parent":0,"menu_order":0,"comment_status":"closed","ping_status":"closed","template":"","meta":{"_monsterinsights_skip_tracking":false,"_monsterinsights_sitenote_active":false,"_monsterinsights_sitenote_note":"","_monsterinsights_sitenote_category":0,"footnotes":""},"class_list":["post-40","page","type-page","status-publish","has-post-thumbnail","hentry"],"_links":{"self":[{"href":"https:\/\/ciecolettemerveille.com\/index.php?rest_route=\/wp\/v2\/pages\/40","targetHints":{"allow":["GET"]}}],"collection":[{"href":"https:\/\/ciecolettemerveille.com\/index.php?rest_route=\/wp\/v2\/pages"}],"about":[{"href":"https:\/\/ciecolettemerveille.com\/index.php?rest_route=\/wp\/v2\/types\/page"}],"author":[{"embeddable":true,"href":"https:\/\/ciecolettemerveille.com\/index.php?rest_route=\/wp\/v2\/users\/2"}],"replies":[{"embeddable":true,"href":"https:\/\/ciecolettemerveille.com\/index.php?rest_route=%2Fwp%2Fv2%2Fcomments&post=40"}],"version-history":[{"count":11,"href":"https:\/\/ciecolettemerveille.com\/index.php?rest_route=\/wp\/v2\/pages\/40\/revisions"}],"predecessor-version":[{"id":233,"href":"https:\/\/ciecolettemerveille.com\/index.php?rest_route=\/wp\/v2\/pages\/40\/revisions\/233"}],"wp:featuredmedia":[{"embeddable":true,"href":"https:\/\/ciecolettemerveille.com\/index.php?rest_route=\/wp\/v2\/media\/171"}],"wp:attachment":[{"href":"https:\/\/ciecolettemerveille.com\/index.php?rest_route=%2Fwp%2Fv2%2Fmedia&parent=40"}],"curies":[{"name":"wp","href":"https:\/\/api.w.org\/{rel}","templated":true}]}}