{"id":93,"date":"2025-06-06T14:52:46","date_gmt":"2025-06-06T12:52:46","guid":{"rendered":"https:\/\/wptest0203.benjamin-viguier.fr\/?page_id=93"},"modified":"2025-06-07T19:17:27","modified_gmt":"2025-06-07T17:17:27","slug":"faim-de-vie","status":"publish","type":"page","link":"https:\/\/ciecolettemerveille.com\/?page_id=93","title":{"rendered":"Faim de vie"},"content":{"rendered":"\n<h4 class=\"wp-block-heading\">Impromptu sur la fin de vie<\/h4>\n\n\n\n<blockquote class=\"wp-block-quote is-layout-flow wp-block-quote-is-layout-flow\">\n<p>Aujourd&rsquo;hui, la mort est toujours sur le podium des sujets tabous. Colette Merveille a cr\u00e9\u00e9 cet impromptu pour aborder avec fra\u00eecheur et fantaisie ce sujet que l&rsquo;on \u00e9vite tant.<\/p>\n\n\n\n<p>Et si la mort \u00e9tait invit\u00e9e en prime time ?<br>Et si on mettait en sc\u00e8ne ce passage myst\u00e9rieux ?<br>Et si un commercial nous vendait la mort parfaite ?<br>Et si on se riait de la mort avant qu&rsquo;elle se rit de nous ?<\/p>\n<\/blockquote>\n\n\n\n<p>AVEC&nbsp;: 3 com\u00e9dien.nes<br>Texte et mise en sc\u00e8ne Chantal Ermenault<\/p>\n\n\n\n<p>Cr\u00e9ation dans le cadre d&rsquo;une commande de la Ville de Bordeaux.<\/p>\n\n\n\n<p>PUBLIC : Tout public \u00e0 partir de 10 ans<\/p>\n\n\n\n<p>DUREE : 30 min, peut \u00eatre suivi d&rsquo;un d\u00e9bat (qui peut \u00eatre annim\u00e9 par nos soins)<\/p>\n\n\n\n<p><\/p>\n\n\n\n<figure class=\"wp-block-image size-large\"><img fetchpriority=\"high\" decoding=\"async\" width=\"1024\" height=\"768\" src=\"https:\/\/ciecolettemerveille.com\/wp-content\/uploads\/2025\/06\/2b430118-dd8a-4e95-a126-ce8d54af579c-1-1024x768.jpg\" alt=\"\" class=\"wp-image-118\" srcset=\"https:\/\/ciecolettemerveille.com\/wp-content\/uploads\/2025\/06\/2b430118-dd8a-4e95-a126-ce8d54af579c-1-1024x768.jpg 1024w, https:\/\/ciecolettemerveille.com\/wp-content\/uploads\/2025\/06\/2b430118-dd8a-4e95-a126-ce8d54af579c-1-300x225.jpg 300w, https:\/\/ciecolettemerveille.com\/wp-content\/uploads\/2025\/06\/2b430118-dd8a-4e95-a126-ce8d54af579c-1-768x576.jpg 768w, https:\/\/ciecolettemerveille.com\/wp-content\/uploads\/2025\/06\/2b430118-dd8a-4e95-a126-ce8d54af579c-1-1536x1152.jpg 1536w, https:\/\/ciecolettemerveille.com\/wp-content\/uploads\/2025\/06\/2b430118-dd8a-4e95-a126-ce8d54af579c-1.jpg 1600w\" sizes=\"(max-width: 1024px) 100vw, 1024px\" \/><\/figure>\n","protected":false},"excerpt":{"rendered":"<div class=\"tmnf_excerpt\"><p>Impromptu sur la fin de vie Aujourd&rsquo;hui, la mort est toujours sur le podium des sujets tabous. Colette Merveille a cr\u00e9\u00e9 cet impromptu pour aborder avec fra\u00eecheur et fantaisie ce sujet que l&rsquo;on \u00e9vite tant. Et si la mort \u00e9tait invit\u00e9e en prime time ?Et si on mettait en sc\u00e8ne ce passage myst\u00e9rieux ?Et si &hellip;<\/p>\n<\/div>","protected":false},"author":2,"featured_media":193,"parent":0,"menu_order":0,"comment_status":"closed","ping_status":"closed","template":"","meta":{"_monsterinsights_skip_tracking":false,"_monsterinsights_sitenote_active":false,"_monsterinsights_sitenote_note":"","_monsterinsights_sitenote_category":0,"footnotes":""},"class_list":["post-93","page","type-page","status-publish","has-post-thumbnail","hentry"],"_links":{"self":[{"href":"https:\/\/ciecolettemerveille.com\/index.php?rest_route=\/wp\/v2\/pages\/93","targetHints":{"allow":["GET"]}}],"collection":[{"href":"https:\/\/ciecolettemerveille.com\/index.php?rest_route=\/wp\/v2\/pages"}],"about":[{"href":"https:\/\/ciecolettemerveille.com\/index.php?rest_route=\/wp\/v2\/types\/page"}],"author":[{"embeddable":true,"href":"https:\/\/ciecolettemerveille.com\/index.php?rest_route=\/wp\/v2\/users\/2"}],"replies":[{"embeddable":true,"href":"https:\/\/ciecolettemerveille.com\/index.php?rest_route=%2Fwp%2Fv2%2Fcomments&post=93"}],"version-history":[{"count":4,"href":"https:\/\/ciecolettemerveille.com\/index.php?rest_route=\/wp\/v2\/pages\/93\/revisions"}],"predecessor-version":[{"id":177,"href":"https:\/\/ciecolettemerveille.com\/index.php?rest_route=\/wp\/v2\/pages\/93\/revisions\/177"}],"wp:featuredmedia":[{"embeddable":true,"href":"https:\/\/ciecolettemerveille.com\/index.php?rest_route=\/wp\/v2\/media\/193"}],"wp:attachment":[{"href":"https:\/\/ciecolettemerveille.com\/index.php?rest_route=%2Fwp%2Fv2%2Fmedia&parent=93"}],"curies":[{"name":"wp","href":"https:\/\/api.w.org\/{rel}","templated":true}]}}