{"id":94,"date":"2025-06-06T14:52:46","date_gmt":"2025-06-06T12:52:46","guid":{"rendered":"https:\/\/wptest0203.benjamin-viguier.fr\/?page_id=94"},"modified":"2025-10-14T11:36:52","modified_gmt":"2025-10-14T09:36:52","slug":"sans-tambour-ni-trompette","status":"publish","type":"page","link":"https:\/\/ciecolettemerveille.com\/?page_id=94","title":{"rendered":"Sans tambour ni trompette"},"content":{"rendered":"\n<figure class=\"wp-block-image size-large is-resized\"><img fetchpriority=\"high\" decoding=\"async\" width=\"1024\" height=\"683\" src=\"https:\/\/ciecolettemerveille.com\/wp-content\/uploads\/2025\/06\/ColetteMerveille-SansTambourNiTrompette2-MaelaPiriou-1024x683.jpg\" alt=\"\" class=\"wp-image-21\" style=\"width:0px\" srcset=\"https:\/\/ciecolettemerveille.com\/wp-content\/uploads\/2025\/06\/ColetteMerveille-SansTambourNiTrompette2-MaelaPiriou-1024x683.jpg 1024w, https:\/\/ciecolettemerveille.com\/wp-content\/uploads\/2025\/06\/ColetteMerveille-SansTambourNiTrompette2-MaelaPiriou-300x200.jpg 300w, https:\/\/ciecolettemerveille.com\/wp-content\/uploads\/2025\/06\/ColetteMerveille-SansTambourNiTrompette2-MaelaPiriou-768x512.jpg 768w, https:\/\/ciecolettemerveille.com\/wp-content\/uploads\/2025\/06\/ColetteMerveille-SansTambourNiTrompette2-MaelaPiriou-1536x1024.jpg 1536w, https:\/\/ciecolettemerveille.com\/wp-content\/uploads\/2025\/06\/ColetteMerveille-SansTambourNiTrompette2-MaelaPiriou-413x275.jpg 413w, https:\/\/ciecolettemerveille.com\/wp-content\/uploads\/2025\/06\/ColetteMerveille-SansTambourNiTrompette2-MaelaPiriou.jpg 1800w\" sizes=\"(max-width: 1024px) 100vw, 1024px\" \/><\/figure>\n\n\n\n<h2 class=\"wp-block-heading\"><em>Un spectacle sur la cr\u00e9ation d&rsquo;un spectacle<\/em><\/h2>\n\n\n\n<blockquote class=\"wp-block-quote is-layout-flow wp-block-quote-is-layout-flow\">\n<p>Anne Reinier et Nicolas Soullard sont com\u00e9diens. <br>Mais attention !<br>Pas du genre \u00e0 faire ce m\u00e9tier pour devenir c\u00e9l\u00e8bres, enfin c\u2019est ce qu&rsquo;ils pr\u00e9tendent&#8230;<br>Mais alors pourquoi montent-ils sur sc\u00e8ne ?<br>Aujourd&rsquo;hui Anne et Nicolas jurent de dire toute la v\u00e9rit\u00e9 sur eux-m\u00eames, sans oublier de mentir aussi, bien s\u00fbr, par conscience professionnelle. Depuis la sc\u00e8ne, ils plongent les spectateurs dans les coulisses de leur vie, \u00e0 moins que ce ne soit l&rsquo;inverse ?! La r\u00e9alit\u00e9 se transforme en fiction bien r\u00e9elle.<\/p>\n<\/blockquote>\n\n\n\n<div class=\"wp-block-group is-layout-constrained wp-block-group-is-layout-constrained\">\n<p><\/p>\n\n\n\n<p>AVEC&nbsp;: Anne Reinier et Nicolas Soullard.<br>Accompagnement et mise en jeu des com\u00e9dien.nes : Chantal Ermenault.<br>Ecriture : Anne Reinier, Nicolas Soullard, Benjamin Viguier<\/p>\n\n\n\n<p>Cr\u00e9ation soutenue par l&rsquo;IDDAC, agence culturelle du d\u00e9partement, et la Ville de Biganos.<\/p>\n\n\n\n<p>PUBLIC : Tout public \u00e0 partir de 10 ans<\/p>\n\n\n\n<p>DUREE : 60 min<\/p>\n\n\n\n<p>TECHNIQUE : 2 versions, ext\u00e9rieur ou salle avec cr\u00e9ation lumi\u00e8re<\/p>\n\n\n\n<p><\/p>\n<\/div>\n\n\n\n<div class=\"wp-block-buttons is-layout-flex wp-block-buttons-is-layout-flex\">\n<div class=\"wp-block-button has-custom-width wp-block-button__width-100 is-style-fill\"><a class=\"wp-block-button__link has-white-color has-text-color has-background has-link-color has-large-font-size has-custom-font-size wp-element-button\" href=\"https:\/\/www.youtube.com\/watch?v=wWjHHUJODoE\" style=\"background-color:#cb6ce6\">TEASER VIDEO 2023 &#8211; Sans tambour ni trompette<\/a><\/div>\n<\/div>\n\n\n\n<p><\/p>\n\n\n\n<figure class=\"wp-block-embed is-type-video is-provider-youtube wp-block-embed-youtube wp-embed-aspect-16-9 wp-has-aspect-ratio\"><div class=\"wp-block-embed__wrapper\">\n<iframe title=\"Sans tambour ni trompette\" width=\"500\" height=\"281\" src=\"https:\/\/www.youtube.com\/embed\/wWjHHUJODoE?feature=oembed\" frameborder=\"0\" allow=\"accelerometer; autoplay; clipboard-write; encrypted-media; gyroscope; picture-in-picture; web-share\" referrerpolicy=\"strict-origin-when-cross-origin\" allowfullscreen><\/iframe>\n<\/div><\/figure>\n\n\n\n<div class=\"wp-block-columns is-layout-flex wp-container-core-columns-is-layout-28f84493 wp-block-columns-is-layout-flex\">\n<div class=\"wp-block-column is-layout-flow wp-block-column-is-layout-flow\" style=\"flex-basis:100%\">\n<details class=\"wp-block-details is-layout-flow wp-block-details-is-layout-flow\"><summary>Plus d&rsquo;information ? Cliquez ici pour t\u00e9l\u00e9charger le dossier du spectacle<\/summary>\n<div data-wp-interactive=\"core\/file\" class=\"wp-block-file\"><object data-wp-bind--hidden=\"!state.hasPdfPreview\" hidden class=\"wp-block-file__embed\" data=\"https:\/\/ciecolettemerveille.com\/wp-content\/uploads\/2025\/10\/Dossierstntseptembre2025-avec-compression.pdf\" type=\"application\/pdf\" style=\"width:100%;height:600px\" aria-label=\"Contenu embarqu\u00e9 Dossier+stnt+septembre+2025-avec compression.\"><\/object><a id=\"wp-block-file--media-4c7b6023-51a6-4218-87db-4c3d182bb437\" href=\"https:\/\/ciecolettemerveille.com\/wp-content\/uploads\/2025\/10\/Dossierstntseptembre2025-avec-compression.pdf\">Dossier+stnt+septembre+2025-avec compression<\/a><a href=\"https:\/\/ciecolettemerveille.com\/wp-content\/uploads\/2025\/10\/Dossierstntseptembre2025-avec-compression.pdf\" class=\"wp-block-file__button wp-element-button\" download aria-describedby=\"wp-block-file--media-4c7b6023-51a6-4218-87db-4c3d182bb437\">T\u00e9l\u00e9charger<\/a><\/div>\n<\/details>\n<\/div>\n<\/div>\n\n\n\n<p><\/p>\n","protected":false},"excerpt":{"rendered":"<div class=\"tmnf_excerpt\"><p>Un spectacle sur la cr\u00e9ation d&rsquo;un spectacle Anne Reinier et Nicolas Soullard sont com\u00e9diens. Mais attention !Pas du genre \u00e0 faire ce m\u00e9tier pour devenir c\u00e9l\u00e8bres, enfin c\u2019est ce qu&rsquo;ils pr\u00e9tendent&#8230;Mais alors pourquoi montent-ils sur sc\u00e8ne ?Aujourd&rsquo;hui Anne et Nicolas jurent de dire toute la v\u00e9rit\u00e9 sur eux-m\u00eames, sans oublier de mentir aussi, bien s\u00fbr, &hellip;<\/p>\n<\/div>","protected":false},"author":2,"featured_media":21,"parent":0,"menu_order":0,"comment_status":"closed","ping_status":"closed","template":"","meta":{"_monsterinsights_skip_tracking":false,"_monsterinsights_sitenote_active":false,"_monsterinsights_sitenote_note":"","_monsterinsights_sitenote_category":0,"footnotes":""},"class_list":["post-94","page","type-page","status-publish","has-post-thumbnail","hentry"],"_links":{"self":[{"href":"https:\/\/ciecolettemerveille.com\/index.php?rest_route=\/wp\/v2\/pages\/94","targetHints":{"allow":["GET"]}}],"collection":[{"href":"https:\/\/ciecolettemerveille.com\/index.php?rest_route=\/wp\/v2\/pages"}],"about":[{"href":"https:\/\/ciecolettemerveille.com\/index.php?rest_route=\/wp\/v2\/types\/page"}],"author":[{"embeddable":true,"href":"https:\/\/ciecolettemerveille.com\/index.php?rest_route=\/wp\/v2\/users\/2"}],"replies":[{"embeddable":true,"href":"https:\/\/ciecolettemerveille.com\/index.php?rest_route=%2Fwp%2Fv2%2Fcomments&post=94"}],"version-history":[{"count":7,"href":"https:\/\/ciecolettemerveille.com\/index.php?rest_route=\/wp\/v2\/pages\/94\/revisions"}],"predecessor-version":[{"id":229,"href":"https:\/\/ciecolettemerveille.com\/index.php?rest_route=\/wp\/v2\/pages\/94\/revisions\/229"}],"wp:featuredmedia":[{"embeddable":true,"href":"https:\/\/ciecolettemerveille.com\/index.php?rest_route=\/wp\/v2\/media\/21"}],"wp:attachment":[{"href":"https:\/\/ciecolettemerveille.com\/index.php?rest_route=%2Fwp%2Fv2%2Fmedia&parent=94"}],"curies":[{"name":"wp","href":"https:\/\/api.w.org\/{rel}","templated":true}]}}