{"id":95,"date":"2025-06-06T14:52:46","date_gmt":"2025-06-06T12:52:46","guid":{"rendered":"https:\/\/wptest0203.benjamin-viguier.fr\/?page_id=95"},"modified":"2025-06-09T18:17:06","modified_gmt":"2025-06-09T16:17:06","slug":"interventions-sur-mesure","status":"publish","type":"page","link":"https:\/\/ciecolettemerveille.com\/?page_id=95","title":{"rendered":"Interventions sur-mesure"},"content":{"rendered":"\n<blockquote class=\"wp-block-quote is-layout-flow wp-block-quote-is-layout-flow\">\n<p><em>Pour dynamiser, inaugurer, faire visiter, faire r\u00e9agir, faire dialoguer, amener de l&rsquo;humour, animer votre lieu, secouer les tabous, nous utilisons le jeu comme vecteur de lien.<\/em> <\/p>\n<\/blockquote>\n\n\n\n<p>Nous travaillons avec vous (collectivit\u00e9s, entreprises, associations, festivals&#8230;) sur le ton et sur le fond, pour toucher au plus juste. Contactez-nous pour discuter de vos projets !<\/p>\n\n\n\n<ul class=\"wp-block-list\">\n<li>bulles th\u00e9\u00e2trales sur mesure, \u00e9criture sur th\u00e9matique&#8230;<\/li>\n\n\n\n<li>restitutions improvis\u00e9es&#8230;<\/li>\n\n\n\n<li>th\u00e9\u00e2tre tout terrain&#8230;<\/li>\n\n\n\n<li>visites th\u00e9\u00e2tralis\u00e9es&#8230;<\/li>\n\n\n\n<li>accompagnement \u00e0 l&rsquo;intelligence collective, d\u00e9bats&#8230;<\/li>\n\n\n\n<li>ateliers et formations&#8230;<br><\/li>\n<\/ul>\n\n\n\n<figure class=\"wp-block-image size-large\"><img fetchpriority=\"high\" decoding=\"async\" width=\"1024\" height=\"683\" src=\"https:\/\/ciecolettemerveille.com\/wp-content\/uploads\/2025\/06\/colettemerveille-mairiedebordeaux-1024x683.jpg\" alt=\"\" class=\"wp-image-12\" srcset=\"https:\/\/ciecolettemerveille.com\/wp-content\/uploads\/2025\/06\/colettemerveille-mairiedebordeaux-1024x683.jpg 1024w, https:\/\/ciecolettemerveille.com\/wp-content\/uploads\/2025\/06\/colettemerveille-mairiedebordeaux-300x200.jpg 300w, https:\/\/ciecolettemerveille.com\/wp-content\/uploads\/2025\/06\/colettemerveille-mairiedebordeaux-768x512.jpg 768w, https:\/\/ciecolettemerveille.com\/wp-content\/uploads\/2025\/06\/colettemerveille-mairiedebordeaux-1536x1024.jpg 1536w, https:\/\/ciecolettemerveille.com\/wp-content\/uploads\/2025\/06\/colettemerveille-mairiedebordeaux-413x275.jpg 413w, https:\/\/ciecolettemerveille.com\/wp-content\/uploads\/2025\/06\/colettemerveille-mairiedebordeaux.jpg 2048w\" sizes=\"(max-width: 1024px) 100vw, 1024px\" \/><\/figure>\n","protected":false},"excerpt":{"rendered":"<div class=\"tmnf_excerpt\"><p>Pour dynamiser, inaugurer, faire visiter, faire r\u00e9agir, faire dialoguer, amener de l&rsquo;humour, animer votre lieu, secouer les tabous, nous utilisons le jeu comme vecteur de lien. Nous travaillons avec vous (collectivit\u00e9s, entreprises, associations, festivals&#8230;) sur le ton et sur le fond, pour toucher au plus juste. Contactez-nous pour discuter de vos projets !<\/p>\n<\/div>","protected":false},"author":2,"featured_media":19,"parent":0,"menu_order":0,"comment_status":"closed","ping_status":"closed","template":"","meta":{"_monsterinsights_skip_tracking":false,"_monsterinsights_sitenote_active":false,"_monsterinsights_sitenote_note":"","_monsterinsights_sitenote_category":0,"footnotes":""},"class_list":["post-95","page","type-page","status-publish","has-post-thumbnail","hentry"],"_links":{"self":[{"href":"https:\/\/ciecolettemerveille.com\/index.php?rest_route=\/wp\/v2\/pages\/95","targetHints":{"allow":["GET"]}}],"collection":[{"href":"https:\/\/ciecolettemerveille.com\/index.php?rest_route=\/wp\/v2\/pages"}],"about":[{"href":"https:\/\/ciecolettemerveille.com\/index.php?rest_route=\/wp\/v2\/types\/page"}],"author":[{"embeddable":true,"href":"https:\/\/ciecolettemerveille.com\/index.php?rest_route=\/wp\/v2\/users\/2"}],"replies":[{"embeddable":true,"href":"https:\/\/ciecolettemerveille.com\/index.php?rest_route=%2Fwp%2Fv2%2Fcomments&post=95"}],"version-history":[{"count":11,"href":"https:\/\/ciecolettemerveille.com\/index.php?rest_route=\/wp\/v2\/pages\/95\/revisions"}],"predecessor-version":[{"id":215,"href":"https:\/\/ciecolettemerveille.com\/index.php?rest_route=\/wp\/v2\/pages\/95\/revisions\/215"}],"wp:featuredmedia":[{"embeddable":true,"href":"https:\/\/ciecolettemerveille.com\/index.php?rest_route=\/wp\/v2\/media\/19"}],"wp:attachment":[{"href":"https:\/\/ciecolettemerveille.com\/index.php?rest_route=%2Fwp%2Fv2%2Fmedia&parent=95"}],"curies":[{"name":"wp","href":"https:\/\/api.w.org\/{rel}","templated":true}]}}